{"id":3179,"date":"2020-07-04T11:09:20","date_gmt":"2020-07-04T15:09:20","guid":{"rendered":"https:\/\/www.insquebec.org\/ins-quebec\/ins-quebec-et-developpement-des-affaires\/"},"modified":"2025-12-23T14:58:49","modified_gmt":"2025-12-23T19:58:49","slug":"ins-quebec-et-developpement-des-affaires","status":"publish","type":"page","link":"https:\/\/www.insquebec.org\/en\/ins-quebec\/ins-quebec-et-developpement-des-affaires\/","title":{"rendered":"INS Qu\u00e9bec and business development"},"content":{"rendered":"<p>L\u2019INS Qu\u00e9bec, c\u2019est le g\u00e9nie derri\u00e8re les performances. Mais derri\u00e8re ce g\u00e9nie, il y a des partenaires qui permettent \u00e0 l\u2019INS Qu\u00e9bec d\u2019\u00eatre un \u00ab\u00a0catalyseur de r\u00eaves\u2026 un athl\u00e8te \u00e0 la fois\u00a0\u00bb.<\/p>\n","protected":false},"excerpt":{"rendered":"<p>L\u2019INS Qu\u00e9bec, c\u2019est le g\u00e9nie derri\u00e8re les performances. Mais derri\u00e8re ce g\u00e9nie, il y a des partenaires qui permettent \u00e0 l\u2019INS Qu\u00e9bec d\u2019\u00eatre un \u00ab\u00a0catalyseur de r\u00eaves\u2026 un athl\u00e8te \u00e0 la fois\u00a0\u00bb.<\/p>\n","protected":false},"author":5,"featured_media":0,"parent":1774,"menu_order":0,"comment_status":"closed","ping_status":"closed","template":"t-hub.php","meta":{"_acf_changed":false,"footnotes":""},"class_list":["post-3179","page","type-page","status-publish","hentry"],"acf":[],"_links":{"self":[{"href":"https:\/\/www.insquebec.org\/en\/wp-json\/wp\/v2\/pages\/3179"}],"collection":[{"href":"https:\/\/www.insquebec.org\/en\/wp-json\/wp\/v2\/pages"}],"about":[{"href":"https:\/\/www.insquebec.org\/en\/wp-json\/wp\/v2\/types\/page"}],"author":[{"embeddable":true,"href":"https:\/\/www.insquebec.org\/en\/wp-json\/wp\/v2\/users\/5"}],"replies":[{"embeddable":true,"href":"https:\/\/www.insquebec.org\/en\/wp-json\/wp\/v2\/comments?post=3179"}],"version-history":[{"count":9,"href":"https:\/\/www.insquebec.org\/en\/wp-json\/wp\/v2\/pages\/3179\/revisions"}],"predecessor-version":[{"id":16568,"href":"https:\/\/www.insquebec.org\/en\/wp-json\/wp\/v2\/pages\/3179\/revisions\/16568"}],"up":[{"embeddable":true,"href":"https:\/\/www.insquebec.org\/en\/wp-json\/wp\/v2\/pages\/1774"}],"wp:attachment":[{"href":"https:\/\/www.insquebec.org\/en\/wp-json\/wp\/v2\/media?parent=3179"}],"curies":[{"name":"wp","href":"https:\/\/api.w.org\/{rel}","templated":true}]}}